{"id":1086,"date":"2026-03-25T11:36:16","date_gmt":"2026-03-25T10:36:16","guid":{"rendered":"https:\/\/www.pfandbriefinstitut.li\/?page_id=1086"},"modified":"2026-04-01T12:00:49","modified_gmt":"2026-04-01T10:00:49","slug":"media-communique","status":"publish","type":"page","link":"https:\/\/www.pfandbriefinstitut.li\/en\/pfandbriefinstitut\/media-communique\/","title":{"rendered":"Media communiqu\u00e9"},"content":{"rendered":"<div class=\"wpb-content-wrapper\"><p>[vc_row row_height_percent=&#8221;0&#8243; override_padding=&#8221;yes&#8221; h_padding=&#8221;2&#8243; top_padding=&#8221;0&#8243; bottom_padding=&#8221;3&#8243; overlay_alpha=&#8221;50&#8243; gutter_size=&#8221;2&#8243; column_width_percent=&#8221;100&#8243; shift_y=&#8221;0&#8243; z_index=&#8221;0&#8243; content_parallax=&#8221;0&#8243; uncode_shortcode_id=&#8221;478924&#8243;][vc_column column_width_percent=&#8221;100&#8243; gutter_size=&#8221;3&#8243; overlay_alpha=&#8221;50&#8243; shift_x=&#8221;0&#8243; shift_y=&#8221;0&#8243; shift_y_down=&#8221;0&#8243; z_index=&#8221;0&#8243; medium_visibility=&#8221;yes&#8221; medium_width=&#8221;0&#8243; mobile_visibility=&#8221;yes&#8221; mobile_width=&#8221;0&#8243; width=&#8221;1\/12&#8243; uncode_shortcode_id=&#8221;705334&#8243;][\/vc_column][vc_column width=&#8221;10\/12&#8243;][vc_column_text uncode_shortcode_id=&#8221;113328&#8243;]<\/p>\n<h1>Media communiqu\u00e9<\/h1>\n<p>[\/vc_column_text][\/vc_column][vc_column column_width_percent=&#8221;100&#8243; gutter_size=&#8221;3&#8243; overlay_alpha=&#8221;50&#8243; shift_x=&#8221;0&#8243; shift_y=&#8221;0&#8243; shift_y_down=&#8221;0&#8243; z_index=&#8221;0&#8243; medium_visibility=&#8221;yes&#8221; medium_width=&#8221;0&#8243; mobile_visibility=&#8221;yes&#8221; mobile_width=&#8221;0&#8243; width=&#8221;1\/12&#8243; uncode_shortcode_id=&#8221;157580&#8243;][\/vc_column][\/vc_row][vc_row row_height_percent=&#8221;0&#8243; override_padding=&#8221;yes&#8221; h_padding=&#8221;2&#8243; top_padding=&#8221;0&#8243; bottom_padding=&#8221;3&#8243; overlay_alpha=&#8221;50&#8243; gutter_size=&#8221;2&#8243; column_width_percent=&#8221;100&#8243; shift_y=&#8221;0&#8243; z_index=&#8221;0&#8243; content_parallax=&#8221;0&#8243; uncode_shortcode_id=&#8221;847691&#8243;][vc_column column_width_percent=&#8221;100&#8243; gutter_size=&#8221;3&#8243; overlay_alpha=&#8221;50&#8243; shift_x=&#8221;0&#8243; shift_y=&#8221;0&#8243; shift_y_down=&#8221;0&#8243; z_index=&#8221;0&#8243; medium_visibility=&#8221;yes&#8221; medium_width=&#8221;0&#8243; mobile_visibility=&#8221;yes&#8221; mobile_width=&#8221;0&#8243; width=&#8221;1\/12&#8243; uncode_shortcode_id=&#8221;705334&#8243;][\/vc_column][vc_column width=&#8221;10\/12&#8243;][vc_column_text text_lead=&#8221;yes&#8221; uncode_shortcode_id=&#8221;934044&#8243;]<\/p>\n<p style=\"font-weight: 400;\">The media communiqu\u00e9s of the Liechtensteinisches Pfandbriefinstitut provide information on relevant developments and decisions relating to the Liechtenstein mortgage bond (<em>Pfandbrief<\/em>) market. On this page you will find all official communiqu\u00e9s, clearly presented and continuously updated.<\/p>\n<p>[\/vc_column_text][\/vc_column][vc_column column_width_percent=&#8221;100&#8243; gutter_size=&#8221;3&#8243; overlay_alpha=&#8221;50&#8243; shift_x=&#8221;0&#8243; shift_y=&#8221;0&#8243; shift_y_down=&#8221;0&#8243; z_index=&#8221;0&#8243; medium_visibility=&#8221;yes&#8221; medium_width=&#8221;0&#8243; mobile_visibility=&#8221;yes&#8221; mobile_width=&#8221;0&#8243; width=&#8221;1\/12&#8243; uncode_shortcode_id=&#8221;157580&#8243;][\/vc_column][\/vc_row][vc_row row_height_percent=&#8221;0&#8243; override_padding=&#8221;yes&#8221; h_padding=&#8221;2&#8243; top_padding=&#8221;0&#8243; bottom_padding=&#8221;7&#8243; overlay_alpha=&#8221;50&#8243; gutter_size=&#8221;2&#8243; column_width_percent=&#8221;100&#8243; shift_y=&#8221;0&#8243; z_index=&#8221;0&#8243; content_parallax=&#8221;0&#8243; uncode_shortcode_id=&#8221;181009&#8243;][vc_column column_width_percent=&#8221;100&#8243; gutter_size=&#8221;3&#8243; overlay_alpha=&#8221;50&#8243; shift_x=&#8221;0&#8243; shift_y=&#8221;0&#8243; shift_y_down=&#8221;0&#8243; z_index=&#8221;0&#8243; medium_visibility=&#8221;yes&#8221; medium_width=&#8221;0&#8243; mobile_visibility=&#8221;yes&#8221; mobile_width=&#8221;0&#8243; width=&#8221;1\/12&#8243; uncode_shortcode_id=&#8221;705334&#8243;][\/vc_column][vc_column width=&#8221;10\/12&#8243;][vc_raw_html el_class=&#8221;downloadtabelle&#8221;]JTVCdGFibGUlMjBpZCUzRDIzJTIwJTJGJTVE[\/vc_raw_html][\/vc_column][vc_column column_width_percent=&#8221;100&#8243; gutter_size=&#8221;3&#8243; overlay_alpha=&#8221;50&#8243; shift_x=&#8221;0&#8243; shift_y=&#8221;0&#8243; shift_y_down=&#8221;0&#8243; z_index=&#8221;0&#8243; medium_visibility=&#8221;yes&#8221; medium_width=&#8221;0&#8243; mobile_visibility=&#8221;yes&#8221; mobile_width=&#8221;0&#8243; width=&#8221;1\/12&#8243; uncode_shortcode_id=&#8221;157580&#8243;][\/vc_column][\/vc_row]<\/p>\n<\/div>","protected":false},"excerpt":{"rendered":"<p>[vc_row row_height_percent=&#8221;0&#8243; override_padding=&#8221;yes&#8221; h_padding=&#8221;2&#8243; top_padding=&#8221;0&#8243; bottom_padding=&#8221;3&#8243; overlay_alpha=&#8221;50&#8243; gutter_size=&#8221;2&#8243; column_width_percent=&#8221;100&#8243; shift_y=&#8221;0&#8243; z_index=&#8221;0&#8243; content_parallax=&#8221;0&#8243; uncode_shortcode_id=&#8221;478924&#8243;][vc_column column_width_percent=&#8221;100&#8243; gutter_size=&#8221;3&#8243; overlay_alpha=&#8221;50&#8243; shift_x=&#8221;0&#8243; shift_y=&#8221;0&#8243; shift_y_down=&#8221;0&#8243; z_index=&#8221;0&#8243; [&hellip;]<\/p>\n","protected":false},"author":1,"featured_media":460,"parent":788,"menu_order":18,"comment_status":"closed","ping_status":"closed","template":"","meta":{"footnotes":"","_links_to":"","_links_to_target":""},"class_list":["post-1086","page","type-page","status-publish","has-post-thumbnail","hentry"],"yoast_head":"<!-- This site is optimized with the Yoast SEO plugin v27.3 - https:\/\/yoast.com\/product\/yoast-seo-wordpress\/ -->\n<title>Media communiqu\u00e9 &#8211; Liechtensteinisches Pfandbriefinstitut Media communiqu\u00e9<\/title>\n<meta name=\"description\" content=\"The media communiqu\u00e9s of the Liechtensteinisches Pfandbriefinstitut provide information on relevant developments and decisions relating to the Liechtenstein mortgage bond (Pfandbrief) market.\" \/>\n<meta name=\"robots\" content=\"index, follow, max-snippet:-1, max-image-preview:large, max-video-preview:-1\" \/>\n<link rel=\"canonical\" href=\"https:\/\/www.pfandbriefinstitut.li\/en\/pfandbriefinstitut\/media-communique\/\" \/>\n<meta property=\"og:locale\" content=\"en_US\" \/>\n<meta property=\"og:type\" content=\"article\" \/>\n<meta property=\"og:title\" content=\"Media communiqu\u00e9 &#8211; Liechtensteinisches Pfandbriefinstitut Media communiqu\u00e9\" \/>\n<meta property=\"og:description\" content=\"The media communiqu\u00e9s of the Liechtensteinisches Pfandbriefinstitut provide information on relevant developments and decisions relating to the Liechtenstein mortgage bond (Pfandbrief) market.\" \/>\n<meta property=\"og:url\" content=\"https:\/\/www.pfandbriefinstitut.li\/en\/pfandbriefinstitut\/media-communique\/\" \/>\n<meta property=\"og:site_name\" content=\"Liechtensteinisches Pfandbriefinstitut\" \/>\n<meta property=\"article:modified_time\" content=\"2026-04-01T10:00:49+00:00\" \/>\n<meta property=\"og:image\" content=\"https:\/\/www.pfandbriefinstitut.li\/wp-content\/uploads\/2025\/06\/headerbild_4.jpg\" \/>\n\t<meta property=\"og:image:width\" content=\"2879\" \/>\n\t<meta property=\"og:image:height\" content=\"800\" \/>\n\t<meta property=\"og:image:type\" content=\"image\/jpeg\" \/>\n<meta name=\"twitter:card\" content=\"summary_large_image\" \/>\n<meta name=\"twitter:label1\" content=\"Est. reading time\" \/>\n\t<meta name=\"twitter:data1\" content=\"2 minutes\" \/>\n<script type=\"application\/ld+json\" class=\"yoast-schema-graph\">{\"@context\":\"https:\\\/\\\/schema.org\",\"@graph\":[{\"@type\":\"WebPage\",\"@id\":\"https:\\\/\\\/www.pfandbriefinstitut.li\\\/en\\\/pfandbriefinstitut\\\/media-communique\\\/\",\"url\":\"https:\\\/\\\/www.pfandbriefinstitut.li\\\/en\\\/pfandbriefinstitut\\\/media-communique\\\/\",\"name\":\"Media communiqu\u00e9 &#8211; Liechtensteinisches Pfandbriefinstitut Media communiqu\u00e9\",\"isPartOf\":{\"@id\":\"https:\\\/\\\/www.pfandbriefinstitut.li\\\/en\\\/#website\"},\"primaryImageOfPage\":{\"@id\":\"https:\\\/\\\/www.pfandbriefinstitut.li\\\/en\\\/pfandbriefinstitut\\\/media-communique\\\/#primaryimage\"},\"image\":{\"@id\":\"https:\\\/\\\/www.pfandbriefinstitut.li\\\/en\\\/pfandbriefinstitut\\\/media-communique\\\/#primaryimage\"},\"thumbnailUrl\":\"https:\\\/\\\/www.pfandbriefinstitut.li\\\/wp-content\\\/uploads\\\/2025\\\/06\\\/headerbild_4.jpg\",\"datePublished\":\"2026-03-25T10:36:16+00:00\",\"dateModified\":\"2026-04-01T10:00:49+00:00\",\"description\":\"The media communiqu\u00e9s of the Liechtensteinisches Pfandbriefinstitut provide information on relevant developments and decisions relating to the Liechtenstein mortgage bond (Pfandbrief) market.\",\"breadcrumb\":{\"@id\":\"https:\\\/\\\/www.pfandbriefinstitut.li\\\/en\\\/pfandbriefinstitut\\\/media-communique\\\/#breadcrumb\"},\"inLanguage\":\"en-US\",\"potentialAction\":[{\"@type\":\"ReadAction\",\"target\":[\"https:\\\/\\\/www.pfandbriefinstitut.li\\\/en\\\/pfandbriefinstitut\\\/media-communique\\\/\"]}]},{\"@type\":\"ImageObject\",\"inLanguage\":\"en-US\",\"@id\":\"https:\\\/\\\/www.pfandbriefinstitut.li\\\/en\\\/pfandbriefinstitut\\\/media-communique\\\/#primaryimage\",\"url\":\"https:\\\/\\\/www.pfandbriefinstitut.li\\\/wp-content\\\/uploads\\\/2025\\\/06\\\/headerbild_4.jpg\",\"contentUrl\":\"https:\\\/\\\/www.pfandbriefinstitut.li\\\/wp-content\\\/uploads\\\/2025\\\/06\\\/headerbild_4.jpg\",\"width\":2879,\"height\":800},{\"@type\":\"BreadcrumbList\",\"@id\":\"https:\\\/\\\/www.pfandbriefinstitut.li\\\/en\\\/pfandbriefinstitut\\\/media-communique\\\/#breadcrumb\",\"itemListElement\":[{\"@type\":\"ListItem\",\"position\":1,\"name\":\"Startseite\",\"item\":\"https:\\\/\\\/www.pfandbriefinstitut.li\\\/en\\\/\"},{\"@type\":\"ListItem\",\"position\":2,\"name\":\"Pfandbriefinstitut\",\"item\":\"\\\/en\\\/pfandbriefinstitut\\\/about-us\\\/\"},{\"@type\":\"ListItem\",\"position\":3,\"name\":\"Media communiqu\u00e9\"}]},{\"@type\":\"WebSite\",\"@id\":\"https:\\\/\\\/www.pfandbriefinstitut.li\\\/en\\\/#website\",\"url\":\"https:\\\/\\\/www.pfandbriefinstitut.li\\\/en\\\/\",\"name\":\"Liechtensteinisches Pfandbriefinstitut\",\"description\":\"Liechtensteinisches Pfandbriefinstitut\",\"publisher\":{\"@id\":\"https:\\\/\\\/www.pfandbriefinstitut.li\\\/en\\\/#organization\"},\"potentialAction\":[{\"@type\":\"SearchAction\",\"target\":{\"@type\":\"EntryPoint\",\"urlTemplate\":\"https:\\\/\\\/www.pfandbriefinstitut.li\\\/en\\\/?s={search_term_string}\"},\"query-input\":{\"@type\":\"PropertyValueSpecification\",\"valueRequired\":true,\"valueName\":\"search_term_string\"}}],\"inLanguage\":\"en-US\"},{\"@type\":\"Organization\",\"@id\":\"https:\\\/\\\/www.pfandbriefinstitut.li\\\/en\\\/#organization\",\"name\":\"Liechtensteinisches Pfandbriefinstitut\",\"url\":\"https:\\\/\\\/www.pfandbriefinstitut.li\\\/en\\\/\",\"logo\":{\"@type\":\"ImageObject\",\"inLanguage\":\"en-US\",\"@id\":\"https:\\\/\\\/www.pfandbriefinstitut.li\\\/en\\\/#\\\/schema\\\/logo\\\/image\\\/\",\"url\":\"https:\\\/\\\/www.pfandbriefinstitut.li\\\/wp-content\\\/uploads\\\/2025\\\/06\\\/LPBI-Logo-farbig.png\",\"contentUrl\":\"https:\\\/\\\/www.pfandbriefinstitut.li\\\/wp-content\\\/uploads\\\/2025\\\/06\\\/LPBI-Logo-farbig.png\",\"width\":520,\"height\":64,\"caption\":\"Liechtensteinisches Pfandbriefinstitut\"},\"image\":{\"@id\":\"https:\\\/\\\/www.pfandbriefinstitut.li\\\/en\\\/#\\\/schema\\\/logo\\\/image\\\/\"}}]}<\/script>\n<!-- \/ Yoast SEO plugin. -->","yoast_head_json":{"title":"Media communiqu\u00e9 &#8211; Liechtensteinisches Pfandbriefinstitut Media communiqu\u00e9","description":"The media communiqu\u00e9s of the Liechtensteinisches Pfandbriefinstitut provide information on relevant developments and decisions relating to the Liechtenstein mortgage bond (Pfandbrief) market.","robots":{"index":"index","follow":"follow","max-snippet":"max-snippet:-1","max-image-preview":"max-image-preview:large","max-video-preview":"max-video-preview:-1"},"canonical":"https:\/\/www.pfandbriefinstitut.li\/en\/pfandbriefinstitut\/media-communique\/","og_locale":"en_US","og_type":"article","og_title":"Media communiqu\u00e9 &#8211; Liechtensteinisches Pfandbriefinstitut Media communiqu\u00e9","og_description":"The media communiqu\u00e9s of the Liechtensteinisches Pfandbriefinstitut provide information on relevant developments and decisions relating to the Liechtenstein mortgage bond (Pfandbrief) market.","og_url":"https:\/\/www.pfandbriefinstitut.li\/en\/pfandbriefinstitut\/media-communique\/","og_site_name":"Liechtensteinisches Pfandbriefinstitut","article_modified_time":"2026-04-01T10:00:49+00:00","og_image":[{"width":2879,"height":800,"url":"https:\/\/www.pfandbriefinstitut.li\/wp-content\/uploads\/2025\/06\/headerbild_4.jpg","type":"image\/jpeg"}],"twitter_card":"summary_large_image","twitter_misc":{"Est. reading time":"2 minutes"},"schema":{"@context":"https:\/\/schema.org","@graph":[{"@type":"WebPage","@id":"https:\/\/www.pfandbriefinstitut.li\/en\/pfandbriefinstitut\/media-communique\/","url":"https:\/\/www.pfandbriefinstitut.li\/en\/pfandbriefinstitut\/media-communique\/","name":"Media communiqu\u00e9 &#8211; Liechtensteinisches Pfandbriefinstitut Media communiqu\u00e9","isPartOf":{"@id":"https:\/\/www.pfandbriefinstitut.li\/en\/#website"},"primaryImageOfPage":{"@id":"https:\/\/www.pfandbriefinstitut.li\/en\/pfandbriefinstitut\/media-communique\/#primaryimage"},"image":{"@id":"https:\/\/www.pfandbriefinstitut.li\/en\/pfandbriefinstitut\/media-communique\/#primaryimage"},"thumbnailUrl":"https:\/\/www.pfandbriefinstitut.li\/wp-content\/uploads\/2025\/06\/headerbild_4.jpg","datePublished":"2026-03-25T10:36:16+00:00","dateModified":"2026-04-01T10:00:49+00:00","description":"The media communiqu\u00e9s of the Liechtensteinisches Pfandbriefinstitut provide information on relevant developments and decisions relating to the Liechtenstein mortgage bond (Pfandbrief) market.","breadcrumb":{"@id":"https:\/\/www.pfandbriefinstitut.li\/en\/pfandbriefinstitut\/media-communique\/#breadcrumb"},"inLanguage":"en-US","potentialAction":[{"@type":"ReadAction","target":["https:\/\/www.pfandbriefinstitut.li\/en\/pfandbriefinstitut\/media-communique\/"]}]},{"@type":"ImageObject","inLanguage":"en-US","@id":"https:\/\/www.pfandbriefinstitut.li\/en\/pfandbriefinstitut\/media-communique\/#primaryimage","url":"https:\/\/www.pfandbriefinstitut.li\/wp-content\/uploads\/2025\/06\/headerbild_4.jpg","contentUrl":"https:\/\/www.pfandbriefinstitut.li\/wp-content\/uploads\/2025\/06\/headerbild_4.jpg","width":2879,"height":800},{"@type":"BreadcrumbList","@id":"https:\/\/www.pfandbriefinstitut.li\/en\/pfandbriefinstitut\/media-communique\/#breadcrumb","itemListElement":[{"@type":"ListItem","position":1,"name":"Startseite","item":"https:\/\/www.pfandbriefinstitut.li\/en\/"},{"@type":"ListItem","position":2,"name":"Pfandbriefinstitut","item":"\/en\/pfandbriefinstitut\/about-us\/"},{"@type":"ListItem","position":3,"name":"Media communiqu\u00e9"}]},{"@type":"WebSite","@id":"https:\/\/www.pfandbriefinstitut.li\/en\/#website","url":"https:\/\/www.pfandbriefinstitut.li\/en\/","name":"Liechtensteinisches Pfandbriefinstitut","description":"Liechtensteinisches Pfandbriefinstitut","publisher":{"@id":"https:\/\/www.pfandbriefinstitut.li\/en\/#organization"},"potentialAction":[{"@type":"SearchAction","target":{"@type":"EntryPoint","urlTemplate":"https:\/\/www.pfandbriefinstitut.li\/en\/?s={search_term_string}"},"query-input":{"@type":"PropertyValueSpecification","valueRequired":true,"valueName":"search_term_string"}}],"inLanguage":"en-US"},{"@type":"Organization","@id":"https:\/\/www.pfandbriefinstitut.li\/en\/#organization","name":"Liechtensteinisches Pfandbriefinstitut","url":"https:\/\/www.pfandbriefinstitut.li\/en\/","logo":{"@type":"ImageObject","inLanguage":"en-US","@id":"https:\/\/www.pfandbriefinstitut.li\/en\/#\/schema\/logo\/image\/","url":"https:\/\/www.pfandbriefinstitut.li\/wp-content\/uploads\/2025\/06\/LPBI-Logo-farbig.png","contentUrl":"https:\/\/www.pfandbriefinstitut.li\/wp-content\/uploads\/2025\/06\/LPBI-Logo-farbig.png","width":520,"height":64,"caption":"Liechtensteinisches Pfandbriefinstitut"},"image":{"@id":"https:\/\/www.pfandbriefinstitut.li\/en\/#\/schema\/logo\/image\/"}}]}},"_links":{"self":[{"href":"https:\/\/www.pfandbriefinstitut.li\/en\/wp-json\/wp\/v2\/pages\/1086","targetHints":{"allow":["GET"]}}],"collection":[{"href":"https:\/\/www.pfandbriefinstitut.li\/en\/wp-json\/wp\/v2\/pages"}],"about":[{"href":"https:\/\/www.pfandbriefinstitut.li\/en\/wp-json\/wp\/v2\/types\/page"}],"author":[{"embeddable":true,"href":"https:\/\/www.pfandbriefinstitut.li\/en\/wp-json\/wp\/v2\/users\/1"}],"replies":[{"embeddable":true,"href":"https:\/\/www.pfandbriefinstitut.li\/en\/wp-json\/wp\/v2\/comments?post=1086"}],"version-history":[{"count":4,"href":"https:\/\/www.pfandbriefinstitut.li\/en\/wp-json\/wp\/v2\/pages\/1086\/revisions"}],"predecessor-version":[{"id":1098,"href":"https:\/\/www.pfandbriefinstitut.li\/en\/wp-json\/wp\/v2\/pages\/1086\/revisions\/1098"}],"up":[{"embeddable":true,"href":"https:\/\/www.pfandbriefinstitut.li\/en\/wp-json\/wp\/v2\/pages\/788"}],"wp:featuredmedia":[{"embeddable":true,"href":"https:\/\/www.pfandbriefinstitut.li\/en\/wp-json\/wp\/v2\/media\/460"}],"wp:attachment":[{"href":"https:\/\/www.pfandbriefinstitut.li\/en\/wp-json\/wp\/v2\/media?parent=1086"}],"curies":[{"name":"wp","href":"https:\/\/api.w.org\/{rel}","templated":true}]}}